{"id":253,"date":"2021-06-30T10:01:49","date_gmt":"2021-06-30T08:01:49","guid":{"rendered":"https:\/\/krenkraft.at\/index.php\/versand__lieferung\/"},"modified":"2023-08-24T10:58:42","modified_gmt":"2023-08-24T08:58:42","slug":"versand__lieferung","status":"publish","type":"page","link":"https:\/\/krenkraft.at\/index.php\/versand__lieferung\/","title":{"rendered":"Versand &#038; Lieferung"},"content":{"rendered":"<p><strong>Preise, Versandkosten und Lieferinformationen<\/strong><\/p>\n<p>Die auf den Produktseiten genannten Preise enthalten die gesetzliche Mehrwertsteuer und sonstige Preisbestandteile.<\/p>\n<p>Wir liefern nur innerhalb Deutschlands und \u00d6sterreichs.<\/p>\n<p>Zus\u00e4tzlich zu den angegebenen Preisen berechnen wir f\u00fcr die Lieferung innerhalb Deutschlands und \u00d6sterreichs pauschal [XY Euro pro Bestellung]. Die Versandkosten werden Ihnen im Warenkorbsystem und auf der Bestellseite nochmals deutlich mitgeteilt.<\/p>\n","protected":false},"excerpt":{"rendered":"<p>Preise, Versandkosten und Lieferinformationen Die auf den Produktseiten genannten Preise enthalten die gesetzliche Mehrwertsteuer und sonstige Preisbestandteile. Wir liefern nur innerhalb Deutschlands [&hellip;]<\/p>\n","protected":false},"author":2,"featured_media":0,"parent":0,"menu_order":0,"comment_status":"closed","ping_status":"closed","template":"","meta":{"footnotes":""},"class_list":["post-253","page","type-page","status-publish","hentry"],"yoast_head":"<!-- This site is optimized with the Yoast SEO plugin v23.1 - https:\/\/yoast.com\/wordpress\/plugins\/seo\/ -->\n<title>Versand &amp; Lieferung - A.C. GASPER\u00b4S KRENKRAFT KG<\/title>\n<meta name=\"robots\" content=\"index, follow, max-snippet:-1, max-image-preview:large, max-video-preview:-1\" \/>\n<link rel=\"canonical\" href=\"https:\/\/krenkraft.at\/index.php\/versand__lieferung\/\" \/>\n<meta property=\"og:locale\" content=\"de_DE\" \/>\n<meta property=\"og:type\" content=\"article\" \/>\n<meta property=\"og:title\" content=\"Versand &amp; Lieferung - A.C. GASPER\u00b4S KRENKRAFT KG\" \/>\n<meta property=\"og:description\" content=\"Preise, Versandkosten und Lieferinformationen Die auf den Produktseiten genannten Preise enthalten die gesetzliche Mehrwertsteuer und sonstige Preisbestandteile. Wir liefern nur innerhalb Deutschlands [&hellip;]\" \/>\n<meta property=\"og:url\" content=\"https:\/\/krenkraft.at\/index.php\/versand__lieferung\/\" \/>\n<meta property=\"og:site_name\" content=\"A.C. GASPER\u00b4S KRENKRAFT KG\" \/>\n<meta property=\"article:modified_time\" content=\"2023-08-24T08:58:42+00:00\" \/>\n<meta name=\"twitter:card\" content=\"summary_large_image\" \/>\n<meta name=\"twitter:label1\" content=\"Gesch\u00e4tzte Lesezeit\" \/>\n\t<meta name=\"twitter:data1\" content=\"1\u00a0Minute\" \/>\n<script type=\"application\/ld+json\" class=\"yoast-schema-graph\">{\"@context\":\"https:\/\/schema.org\",\"@graph\":[{\"@type\":\"WebPage\",\"@id\":\"https:\/\/krenkraft.at\/index.php\/versand__lieferung\/\",\"url\":\"https:\/\/krenkraft.at\/index.php\/versand__lieferung\/\",\"name\":\"Versand & Lieferung - A.C. GASPER\u00b4S KRENKRAFT KG\",\"isPartOf\":{\"@id\":\"https:\/\/krenkraft.at\/#website\"},\"datePublished\":\"2021-06-30T08:01:49+00:00\",\"dateModified\":\"2023-08-24T08:58:42+00:00\",\"breadcrumb\":{\"@id\":\"https:\/\/krenkraft.at\/index.php\/versand__lieferung\/#breadcrumb\"},\"inLanguage\":\"de\",\"potentialAction\":[{\"@type\":\"ReadAction\",\"target\":[\"https:\/\/krenkraft.at\/index.php\/versand__lieferung\/\"]}]},{\"@type\":\"BreadcrumbList\",\"@id\":\"https:\/\/krenkraft.at\/index.php\/versand__lieferung\/#breadcrumb\",\"itemListElement\":[{\"@type\":\"ListItem\",\"position\":1,\"name\":\"Home\",\"item\":\"https:\/\/krenkraft.at\/\"},{\"@type\":\"ListItem\",\"position\":2,\"name\":\"Versand &#038; Lieferung\"}]},{\"@type\":\"WebSite\",\"@id\":\"https:\/\/krenkraft.at\/#website\",\"url\":\"https:\/\/krenkraft.at\/\",\"name\":\"A.C. GASPER\u00b4S KRENKRAFT KG\",\"description\":\"Die W\u00fcrze des Lebens\",\"publisher\":{\"@id\":\"https:\/\/krenkraft.at\/#organization\"},\"potentialAction\":[{\"@type\":\"SearchAction\",\"target\":{\"@type\":\"EntryPoint\",\"urlTemplate\":\"https:\/\/krenkraft.at\/?s={search_term_string}\"},\"query-input\":\"required name=search_term_string\"}],\"inLanguage\":\"de\"},{\"@type\":\"Organization\",\"@id\":\"https:\/\/krenkraft.at\/#organization\",\"name\":\"A.C. GASPER\u00b4S KRENKRAFT KG\",\"url\":\"https:\/\/krenkraft.at\/\",\"logo\":{\"@type\":\"ImageObject\",\"inLanguage\":\"de\",\"@id\":\"https:\/\/krenkraft.at\/#\/schema\/logo\/image\/\",\"url\":\"https:\/\/krenkraft.at\/wp-content\/uploads\/2021\/04\/gaspers-krenkraft-logo-2.png\",\"contentUrl\":\"https:\/\/krenkraft.at\/wp-content\/uploads\/2021\/04\/gaspers-krenkraft-logo-2.png\",\"width\":531,\"height\":266,\"caption\":\"A.C. GASPER\u00b4S KRENKRAFT KG\"},\"image\":{\"@id\":\"https:\/\/krenkraft.at\/#\/schema\/logo\/image\/\"}}]}<\/script>\n<!-- \/ Yoast SEO plugin. -->","yoast_head_json":{"title":"Versand & Lieferung - A.C. GASPER\u00b4S KRENKRAFT KG","robots":{"index":"index","follow":"follow","max-snippet":"max-snippet:-1","max-image-preview":"max-image-preview:large","max-video-preview":"max-video-preview:-1"},"canonical":"https:\/\/krenkraft.at\/index.php\/versand__lieferung\/","og_locale":"de_DE","og_type":"article","og_title":"Versand & Lieferung - A.C. GASPER\u00b4S KRENKRAFT KG","og_description":"Preise, Versandkosten und Lieferinformationen Die auf den Produktseiten genannten Preise enthalten die gesetzliche Mehrwertsteuer und sonstige Preisbestandteile. Wir liefern nur innerhalb Deutschlands [&hellip;]","og_url":"https:\/\/krenkraft.at\/index.php\/versand__lieferung\/","og_site_name":"A.C. GASPER\u00b4S KRENKRAFT KG","article_modified_time":"2023-08-24T08:58:42+00:00","twitter_card":"summary_large_image","twitter_misc":{"Gesch\u00e4tzte Lesezeit":"1\u00a0Minute"},"schema":{"@context":"https:\/\/schema.org","@graph":[{"@type":"WebPage","@id":"https:\/\/krenkraft.at\/index.php\/versand__lieferung\/","url":"https:\/\/krenkraft.at\/index.php\/versand__lieferung\/","name":"Versand & Lieferung - A.C. GASPER\u00b4S KRENKRAFT KG","isPartOf":{"@id":"https:\/\/krenkraft.at\/#website"},"datePublished":"2021-06-30T08:01:49+00:00","dateModified":"2023-08-24T08:58:42+00:00","breadcrumb":{"@id":"https:\/\/krenkraft.at\/index.php\/versand__lieferung\/#breadcrumb"},"inLanguage":"de","potentialAction":[{"@type":"ReadAction","target":["https:\/\/krenkraft.at\/index.php\/versand__lieferung\/"]}]},{"@type":"BreadcrumbList","@id":"https:\/\/krenkraft.at\/index.php\/versand__lieferung\/#breadcrumb","itemListElement":[{"@type":"ListItem","position":1,"name":"Home","item":"https:\/\/krenkraft.at\/"},{"@type":"ListItem","position":2,"name":"Versand &#038; Lieferung"}]},{"@type":"WebSite","@id":"https:\/\/krenkraft.at\/#website","url":"https:\/\/krenkraft.at\/","name":"A.C. GASPER\u00b4S KRENKRAFT KG","description":"Die W\u00fcrze des Lebens","publisher":{"@id":"https:\/\/krenkraft.at\/#organization"},"potentialAction":[{"@type":"SearchAction","target":{"@type":"EntryPoint","urlTemplate":"https:\/\/krenkraft.at\/?s={search_term_string}"},"query-input":"required name=search_term_string"}],"inLanguage":"de"},{"@type":"Organization","@id":"https:\/\/krenkraft.at\/#organization","name":"A.C. GASPER\u00b4S KRENKRAFT KG","url":"https:\/\/krenkraft.at\/","logo":{"@type":"ImageObject","inLanguage":"de","@id":"https:\/\/krenkraft.at\/#\/schema\/logo\/image\/","url":"https:\/\/krenkraft.at\/wp-content\/uploads\/2021\/04\/gaspers-krenkraft-logo-2.png","contentUrl":"https:\/\/krenkraft.at\/wp-content\/uploads\/2021\/04\/gaspers-krenkraft-logo-2.png","width":531,"height":266,"caption":"A.C. GASPER\u00b4S KRENKRAFT KG"},"image":{"@id":"https:\/\/krenkraft.at\/#\/schema\/logo\/image\/"}}]}},"_links":{"self":[{"href":"https:\/\/krenkraft.at\/index.php\/wp-json\/wp\/v2\/pages\/253","targetHints":{"allow":["GET"]}}],"collection":[{"href":"https:\/\/krenkraft.at\/index.php\/wp-json\/wp\/v2\/pages"}],"about":[{"href":"https:\/\/krenkraft.at\/index.php\/wp-json\/wp\/v2\/types\/page"}],"author":[{"embeddable":true,"href":"https:\/\/krenkraft.at\/index.php\/wp-json\/wp\/v2\/users\/2"}],"replies":[{"embeddable":true,"href":"https:\/\/krenkraft.at\/index.php\/wp-json\/wp\/v2\/comments?post=253"}],"version-history":[{"count":1,"href":"https:\/\/krenkraft.at\/index.php\/wp-json\/wp\/v2\/pages\/253\/revisions"}],"predecessor-version":[{"id":700,"href":"https:\/\/krenkraft.at\/index.php\/wp-json\/wp\/v2\/pages\/253\/revisions\/700"}],"wp:attachment":[{"href":"https:\/\/krenkraft.at\/index.php\/wp-json\/wp\/v2\/media?parent=253"}],"curies":[{"name":"wp","href":"https:\/\/api.w.org\/{rel}","templated":true}]}}